{"id":3041,"date":"2026-01-27T07:11:50","date_gmt":"2026-01-27T07:11:50","guid":{"rendered":"https:\/\/www.ab-alpha.de\/?page_id=3041"},"modified":"2026-01-27T07:11:50","modified_gmt":"2026-01-27T07:11:50","slug":"dr-bertold-biffar-6","status":"publish","type":"page","link":"https:\/\/www.ab-alpha.de\/en\/our-team\/dr-bertold-biffar-6\/","title":{"rendered":"Dr. Bertold Biffar"},"content":{"rendered":"<div class=\"wpb-content-wrapper\"><p>[vc_row full_width=&#8221;stretch_row&#8221; content_placement=&#8221;top&#8221; css=&#8221;.vc_custom_1725549264244{margin-top: -30px !important;margin-right: 2% !important;margin-bottom: -30px !important;margin-left: 2% !important;padding-top: 5% !important;padding-bottom: 5% !important;background-color: #f4f8fd !important;}&#8221; el_id=&#8221;content&#8221;][vc_column width=&#8221;1\/3&#8243;][vc_single_image image=&#8221;2709&#8243; img_size=&#8221;full&#8221; css=&#8221;.vc_custom_1747830014932{margin-bottom: 0px !important;padding-top: 35px !important;padding-bottom: 0px !important;}&#8221;][vc_btn title=&#8221;christian.norwig@ab-alpha.de&#8221; style=&#8221;outline&#8221; shape=&#8221;square&#8221; color=&#8221;white&#8221; align=&#8221;left&#8221; i_icon_fontawesome=&#8221;far fa-envelope&#8221; css=&#8221;.vc_custom_1750087862238{margin-bottom: 0px !important;}&#8221; add_icon=&#8221;true&#8221; el_class=&#8221;basic-button-blue&#8221; link=&#8221;url:mailto%3Achristian.norwig%40ab-alpha.de|title:christian.norwig%40ab-alpha.de|&#8221;][\/vc_column][vc_column width=&#8221;2\/3&#8243;][vc_column_text css=&#8221;.vc_custom_1750087686524{padding-top: 35px !important;}&#8221;]<\/p>\n<h1 style=\"text-align: left;\"><span data-teams=\"true\">Christian Norwig<\/span><\/h1>\n<p style=\"text-align: left;\"><strong><span data-teams=\"true\">Chief Financial Officer<\/span><\/strong><\/p>\n<p>[\/vc_column_text][vc_column_text css=&#8221;&#8221;]Christian Norwig absolvierte nach dem Abitur eine Ausbildung zum Industriekaufmann und studierte anschlie\u00dfend Wirtschaftswissenschaften in Frankfurt am Main.<\/p>\n<p>Seit seinem Diplom arbeitete er als Unternehmensberater in mittelst\u00e4ndischen Beratungsunternehmen im Gro\u00dfraum D\u00fcsseldorf und sp\u00e4ter Stuttgart. In diesen wurden Restrukturierungs- und Profit-Improvement-Projekte von nationalen, mittelst\u00e4ndischen Unternehmen, vorwiegend aus den Bereichen (Sonder-)Maschinenbau und Prozesstechnik, von ihm geleitet.<\/p>\n<p>Ab 2018 war er in der kaufm\u00e4nnischen Gesch\u00e4ftsf\u00fchrung eines Herstellers elektrotechnischer Systeml\u00f6sungen t\u00e4tig. Sp\u00e4ter arbeitete er als CFO in einer Organisation f\u00fcr Auftragsentwicklung und Herstellung chemischer Produkte im Gro\u00dfraum Frankfurt am Main.<\/p>\n<p>Im Juni 2025 trat er in das Gesch\u00e4ftsleitungsteam der Abacus alpha GmbH ein. Er tr\u00e4gt Verantwortung f\u00fcr die Bereiche Finanzen, Rechnungswesen und Controlling. Zu seinen weiteren T\u00e4tigkeitsschwerpunkten geh\u00f6rt die Begleitung und Verhandlung von M&amp;A-Transaktionen.[\/vc_column_text][\/vc_column][\/vc_row][vc_row full_width=&#8221;stretch_row&#8221; content_placement=&#8221;middle&#8221; css=&#8221;.vc_custom_1725870008917{margin-top: -15px !important;margin-right: 2% !important;margin-bottom: -15px !important;margin-left: 2% !important;padding-top: 30px !important;background-color: #f2e9e2 !important;}&#8221;][vc_column width=&#8221;1\/3&#8243;][vc_single_image image=&#8221;2713&#8243; img_size=&#8221;full&#8221; css=&#8221;&#8221;][\/vc_column][vc_column width=&#8221;2\/3&#8243;][vc_column_text css=&#8221;.vc_custom_1750087798595{border-right-width: 1px !important;border-bottom-width: 1px !important;padding-right: 5% !important;padding-bottom: 5% !important;border-right-style: solid !important;border-bottom-style: solid !important;border-color: #002f52 !important;}&#8221; el_class=&#8221;zitat&#8221;]&#8221;Die M\u00f6glichkeit, gezielt etwas zu bewegen macht die Arbeit interessant. Abacus alpha vertritt f\u00fcr mich die richtigen Werte und zeichnet sich durch ein hohes Ma\u00df an Professionalit\u00e4t und Pers\u00f6nlichkeit aus.&#8221;[\/vc_column_text][vc_column_text css=&#8221;&#8221;]<strong><span class=\"head\"><span data-teams=\"true\">Christian Norwig auf die Frage, was er seine Aufgabe bei Abacus alpha interessant macht.<\/span><\/span><\/strong>[\/vc_column_text][\/vc_column][\/vc_row]<\/p>\n<\/div>","protected":false},"excerpt":{"rendered":"<p>[vc_row full_width=&#8221;stretch_row&#8221; content_placement=&#8221;top&#8221; css=&#8221;.vc_custom_1725549264244{margin-top: -30px !important;margin-right: 2% !important;margin-bottom: -30px !important;margin-left: 2% !important;padding-top: 5% !important;padding-bottom: 5% !important;background-color: #f4f8fd !important;}&#8221; el_id=&#8221;content&#8221;][vc_column width=&#8221;1\/3&#8243;][vc_single_image image=&#8221;2709&#8243; img_size=&#8221;full&#8221; css=&#8221;.vc_custom_1747830014932{margin-bottom: 0px !important;padding-top: 35px<span class=\"excerpt-hellip\"> [\u2026]<\/span><\/p>\n","protected":false},"author":5,"featured_media":3053,"parent":1715,"menu_order":0,"comment_status":"closed","ping_status":"closed","template":"","meta":{"footnotes":""},"class_list":["post-3041","page","type-page","status-publish","has-post-thumbnail","hentry"],"yoast_head":"<!-- This site is optimized with the Yoast SEO plugin v27.3 - https:\/\/yoast.com\/product\/yoast-seo-wordpress\/ -->\n<title>Dr. Bertold Biffar - Abacus alpha<\/title>\n<meta name=\"description\" content=\"Dr. Bertold Biffar, Investment Manager at Abacus alpha, brings experience in mechanical engineering, automotive, and investment management.\" \/>\n<meta name=\"robots\" content=\"index, follow, max-snippet:-1, max-image-preview:large, max-video-preview:-1\" \/>\n<link rel=\"canonical\" href=\"https:\/\/www.ab-alpha.de\/en\/our-team\/dr-bertold-biffar-6\/\" \/>\n<meta property=\"og:locale\" content=\"en_US\" \/>\n<meta property=\"og:type\" content=\"article\" \/>\n<meta property=\"og:title\" content=\"Dr. Bertold Biffar - Abacus alpha\" \/>\n<meta property=\"og:description\" content=\"Dr. Bertold Biffar, Investment Manager at Abacus alpha, brings experience in mechanical engineering, automotive, and investment management.\" \/>\n<meta property=\"og:url\" content=\"https:\/\/www.ab-alpha.de\/en\/our-team\/dr-bertold-biffar-6\/\" \/>\n<meta property=\"og:site_name\" content=\"Abacus alpha\" \/>\n<meta property=\"og:image\" content=\"https:\/\/www.ab-alpha.de\/wp-content\/uploads\/2026\/01\/JM_CR6_1889-scaled-e1769497402420.jpg\" \/>\n\t<meta property=\"og:image:width\" content=\"1707\" \/>\n\t<meta property=\"og:image:height\" content=\"2560\" \/>\n\t<meta property=\"og:image:type\" content=\"image\/jpeg\" \/>\n<meta name=\"twitter:card\" content=\"summary_large_image\" \/>\n<meta name=\"twitter:label1\" content=\"Est. reading time\" \/>\n\t<meta name=\"twitter:data1\" content=\"2 minutes\" \/>\n<script type=\"application\/ld+json\" class=\"yoast-schema-graph\">{\"@context\":\"https:\\\/\\\/schema.org\",\"@graph\":[{\"@type\":\"WebPage\",\"@id\":\"https:\\\/\\\/www.ab-alpha.de\\\/en\\\/our-team\\\/dr-bertold-biffar-6\\\/\",\"url\":\"https:\\\/\\\/www.ab-alpha.de\\\/en\\\/our-team\\\/dr-bertold-biffar-6\\\/\",\"name\":\"Dr. Bertold Biffar - Abacus alpha\",\"isPartOf\":{\"@id\":\"https:\\\/\\\/www.ab-alpha.de\\\/#website\"},\"primaryImageOfPage\":{\"@id\":\"https:\\\/\\\/www.ab-alpha.de\\\/en\\\/our-team\\\/dr-bertold-biffar-6\\\/#primaryimage\"},\"image\":{\"@id\":\"https:\\\/\\\/www.ab-alpha.de\\\/en\\\/our-team\\\/dr-bertold-biffar-6\\\/#primaryimage\"},\"thumbnailUrl\":\"https:\\\/\\\/www.ab-alpha.de\\\/wp-content\\\/uploads\\\/2026\\\/01\\\/abacus-alpha-jonas-mossler.jpg\",\"datePublished\":\"2026-01-27T07:11:50+00:00\",\"description\":\"Dr. Bertold Biffar, Investment Manager at Abacus alpha, brings experience in mechanical engineering, automotive, and investment management.\",\"breadcrumb\":{\"@id\":\"https:\\\/\\\/www.ab-alpha.de\\\/en\\\/our-team\\\/dr-bertold-biffar-6\\\/#breadcrumb\"},\"inLanguage\":\"en-US\",\"potentialAction\":[{\"@type\":\"ReadAction\",\"target\":[\"https:\\\/\\\/www.ab-alpha.de\\\/en\\\/our-team\\\/dr-bertold-biffar-6\\\/\"]}]},{\"@type\":\"ImageObject\",\"inLanguage\":\"en-US\",\"@id\":\"https:\\\/\\\/www.ab-alpha.de\\\/en\\\/our-team\\\/dr-bertold-biffar-6\\\/#primaryimage\",\"url\":\"https:\\\/\\\/www.ab-alpha.de\\\/wp-content\\\/uploads\\\/2026\\\/01\\\/abacus-alpha-jonas-mossler.jpg\",\"contentUrl\":\"https:\\\/\\\/www.ab-alpha.de\\\/wp-content\\\/uploads\\\/2026\\\/01\\\/abacus-alpha-jonas-mossler.jpg\",\"width\":961,\"height\":961},{\"@type\":\"BreadcrumbList\",\"@id\":\"https:\\\/\\\/www.ab-alpha.de\\\/en\\\/our-team\\\/dr-bertold-biffar-6\\\/#breadcrumb\",\"itemListElement\":[{\"@type\":\"ListItem\",\"position\":1,\"name\":\"Startseite\",\"item\":\"https:\\\/\\\/www.ab-alpha.de\\\/en\\\/\"},{\"@type\":\"ListItem\",\"position\":2,\"name\":\"Our team\",\"item\":\"https:\\\/\\\/www.ab-alpha.de\\\/en\\\/our-team\\\/\"},{\"@type\":\"ListItem\",\"position\":3,\"name\":\"Dr. Bertold Biffar\"}]},{\"@type\":\"WebSite\",\"@id\":\"https:\\\/\\\/www.ab-alpha.de\\\/#website\",\"url\":\"https:\\\/\\\/www.ab-alpha.de\\\/\",\"name\":\"Abacus alpha\",\"description\":\"Die Beteiligungs&shy;gesellschaft\",\"publisher\":{\"@id\":\"https:\\\/\\\/www.ab-alpha.de\\\/#organization\"},\"potentialAction\":[{\"@type\":\"SearchAction\",\"target\":{\"@type\":\"EntryPoint\",\"urlTemplate\":\"https:\\\/\\\/www.ab-alpha.de\\\/?s={search_term_string}\"},\"query-input\":{\"@type\":\"PropertyValueSpecification\",\"valueRequired\":true,\"valueName\":\"search_term_string\"}}],\"inLanguage\":\"en-US\"},{\"@type\":\"Organization\",\"@id\":\"https:\\\/\\\/www.ab-alpha.de\\\/#organization\",\"name\":\"Abacus alpha\",\"url\":\"https:\\\/\\\/www.ab-alpha.de\\\/\",\"logo\":{\"@type\":\"ImageObject\",\"inLanguage\":\"en-US\",\"@id\":\"https:\\\/\\\/www.ab-alpha.de\\\/#\\\/schema\\\/logo\\\/image\\\/\",\"url\":\"https:\\\/\\\/www.ab-alpha.de\\\/wp-content\\\/uploads\\\/2024\\\/09\\\/abacus-alpha-impact-investor-nachfolge-logo.webp\",\"contentUrl\":\"https:\\\/\\\/www.ab-alpha.de\\\/wp-content\\\/uploads\\\/2024\\\/09\\\/abacus-alpha-impact-investor-nachfolge-logo.webp\",\"width\":2560,\"height\":1440,\"caption\":\"Abacus alpha\"},\"image\":{\"@id\":\"https:\\\/\\\/www.ab-alpha.de\\\/#\\\/schema\\\/logo\\\/image\\\/\"}}]}<\/script>\n<!-- \/ Yoast SEO plugin. -->","yoast_head_json":{"title":"Dr. Bertold Biffar - Abacus alpha","description":"Dr. Bertold Biffar, Investment Manager at Abacus alpha, brings experience in mechanical engineering, automotive, and investment management.","robots":{"index":"index","follow":"follow","max-snippet":"max-snippet:-1","max-image-preview":"max-image-preview:large","max-video-preview":"max-video-preview:-1"},"canonical":"https:\/\/www.ab-alpha.de\/en\/our-team\/dr-bertold-biffar-6\/","og_locale":"en_US","og_type":"article","og_title":"Dr. Bertold Biffar - Abacus alpha","og_description":"Dr. Bertold Biffar, Investment Manager at Abacus alpha, brings experience in mechanical engineering, automotive, and investment management.","og_url":"https:\/\/www.ab-alpha.de\/en\/our-team\/dr-bertold-biffar-6\/","og_site_name":"Abacus alpha","og_image":[{"width":1707,"height":2560,"url":"https:\/\/www.ab-alpha.de\/wp-content\/uploads\/2026\/01\/JM_CR6_1889-scaled-e1769497402420.jpg","type":"image\/jpeg"}],"twitter_card":"summary_large_image","twitter_misc":{"Est. reading time":"2 minutes"},"schema":{"@context":"https:\/\/schema.org","@graph":[{"@type":"WebPage","@id":"https:\/\/www.ab-alpha.de\/en\/our-team\/dr-bertold-biffar-6\/","url":"https:\/\/www.ab-alpha.de\/en\/our-team\/dr-bertold-biffar-6\/","name":"Dr. Bertold Biffar - Abacus alpha","isPartOf":{"@id":"https:\/\/www.ab-alpha.de\/#website"},"primaryImageOfPage":{"@id":"https:\/\/www.ab-alpha.de\/en\/our-team\/dr-bertold-biffar-6\/#primaryimage"},"image":{"@id":"https:\/\/www.ab-alpha.de\/en\/our-team\/dr-bertold-biffar-6\/#primaryimage"},"thumbnailUrl":"https:\/\/www.ab-alpha.de\/wp-content\/uploads\/2026\/01\/abacus-alpha-jonas-mossler.jpg","datePublished":"2026-01-27T07:11:50+00:00","description":"Dr. Bertold Biffar, Investment Manager at Abacus alpha, brings experience in mechanical engineering, automotive, and investment management.","breadcrumb":{"@id":"https:\/\/www.ab-alpha.de\/en\/our-team\/dr-bertold-biffar-6\/#breadcrumb"},"inLanguage":"en-US","potentialAction":[{"@type":"ReadAction","target":["https:\/\/www.ab-alpha.de\/en\/our-team\/dr-bertold-biffar-6\/"]}]},{"@type":"ImageObject","inLanguage":"en-US","@id":"https:\/\/www.ab-alpha.de\/en\/our-team\/dr-bertold-biffar-6\/#primaryimage","url":"https:\/\/www.ab-alpha.de\/wp-content\/uploads\/2026\/01\/abacus-alpha-jonas-mossler.jpg","contentUrl":"https:\/\/www.ab-alpha.de\/wp-content\/uploads\/2026\/01\/abacus-alpha-jonas-mossler.jpg","width":961,"height":961},{"@type":"BreadcrumbList","@id":"https:\/\/www.ab-alpha.de\/en\/our-team\/dr-bertold-biffar-6\/#breadcrumb","itemListElement":[{"@type":"ListItem","position":1,"name":"Startseite","item":"https:\/\/www.ab-alpha.de\/en\/"},{"@type":"ListItem","position":2,"name":"Our team","item":"https:\/\/www.ab-alpha.de\/en\/our-team\/"},{"@type":"ListItem","position":3,"name":"Dr. Bertold Biffar"}]},{"@type":"WebSite","@id":"https:\/\/www.ab-alpha.de\/#website","url":"https:\/\/www.ab-alpha.de\/","name":"Abacus alpha","description":"Die Beteiligungs&shy;gesellschaft","publisher":{"@id":"https:\/\/www.ab-alpha.de\/#organization"},"potentialAction":[{"@type":"SearchAction","target":{"@type":"EntryPoint","urlTemplate":"https:\/\/www.ab-alpha.de\/?s={search_term_string}"},"query-input":{"@type":"PropertyValueSpecification","valueRequired":true,"valueName":"search_term_string"}}],"inLanguage":"en-US"},{"@type":"Organization","@id":"https:\/\/www.ab-alpha.de\/#organization","name":"Abacus alpha","url":"https:\/\/www.ab-alpha.de\/","logo":{"@type":"ImageObject","inLanguage":"en-US","@id":"https:\/\/www.ab-alpha.de\/#\/schema\/logo\/image\/","url":"https:\/\/www.ab-alpha.de\/wp-content\/uploads\/2024\/09\/abacus-alpha-impact-investor-nachfolge-logo.webp","contentUrl":"https:\/\/www.ab-alpha.de\/wp-content\/uploads\/2024\/09\/abacus-alpha-impact-investor-nachfolge-logo.webp","width":2560,"height":1440,"caption":"Abacus alpha"},"image":{"@id":"https:\/\/www.ab-alpha.de\/#\/schema\/logo\/image\/"}}]}},"_links":{"self":[{"href":"https:\/\/www.ab-alpha.de\/en\/wp-json\/wp\/v2\/pages\/3041","targetHints":{"allow":["GET"]}}],"collection":[{"href":"https:\/\/www.ab-alpha.de\/en\/wp-json\/wp\/v2\/pages"}],"about":[{"href":"https:\/\/www.ab-alpha.de\/en\/wp-json\/wp\/v2\/types\/page"}],"author":[{"embeddable":true,"href":"https:\/\/www.ab-alpha.de\/en\/wp-json\/wp\/v2\/users\/5"}],"replies":[{"embeddable":true,"href":"https:\/\/www.ab-alpha.de\/en\/wp-json\/wp\/v2\/comments?post=3041"}],"version-history":[{"count":2,"href":"https:\/\/www.ab-alpha.de\/en\/wp-json\/wp\/v2\/pages\/3041\/revisions"}],"predecessor-version":[{"id":3043,"href":"https:\/\/www.ab-alpha.de\/en\/wp-json\/wp\/v2\/pages\/3041\/revisions\/3043"}],"up":[{"embeddable":true,"href":"https:\/\/www.ab-alpha.de\/en\/wp-json\/wp\/v2\/pages\/1715"}],"wp:featuredmedia":[{"embeddable":true,"href":"https:\/\/www.ab-alpha.de\/en\/wp-json\/wp\/v2\/media\/3053"}],"wp:attachment":[{"href":"https:\/\/www.ab-alpha.de\/en\/wp-json\/wp\/v2\/media?parent=3041"}],"curies":[{"name":"wp","href":"https:\/\/api.w.org\/{rel}","templated":true}]}}