{"id":2901,"date":"2025-12-03T12:13:58","date_gmt":"2025-12-03T12:13:58","guid":{"rendered":"https:\/\/www.ab-alpha.de\/?page_id=2901"},"modified":"2025-12-03T12:13:58","modified_gmt":"2025-12-03T12:13:58","slug":"dr-bertold-biffar-5","status":"publish","type":"page","link":"https:\/\/www.ab-alpha.de\/en\/our-team\/dr-bertold-biffar-5\/","title":{"rendered":"Dr. Bertold Biffar"},"content":{"rendered":"<div class=\"wpb-content-wrapper\"><p>[vc_row full_width=&#8221;stretch_row&#8221; content_placement=&#8221;top&#8221; css=&#8221;.vc_custom_1725549264244{margin-top: -30px !important;margin-right: 2% !important;margin-bottom: -30px !important;margin-left: 2% !important;padding-top: 5% !important;padding-bottom: 5% !important;background-color: #f4f8fd !important;}&#8221; el_id=&#8221;content&#8221;][vc_column width=&#8221;1\/3&#8243;][vc_single_image image=&#8221;2894&#8243; img_size=&#8221;full&#8221; css=&#8221;.vc_custom_1764762471750{margin-bottom: 0px !important;padding-top: 35px !important;padding-bottom: 0px !important;}&#8221;][vc_btn title=&#8221;+49 6233 511 91-31&#8243; style=&#8221;outline&#8221; shape=&#8221;square&#8221; color=&#8221;white&#8221; align=&#8221;left&#8221; i_icon_fontawesome=&#8221;far fa-envelope&#8221; css=&#8221;.vc_custom_1764762586887{margin-bottom: 0px !important;}&#8221; add_icon=&#8221;true&#8221; el_class=&#8221;basic-button-blue&#8221; link=&#8221;title:%2B49%206233%20511%2091-31|&#8221;][vc_btn title=&#8221;jennifer.arslan@ab-alpha.de&#8221; style=&#8221;outline&#8221; shape=&#8221;square&#8221; color=&#8221;white&#8221; align=&#8221;left&#8221; i_icon_fontawesome=&#8221;far fa-envelope&#8221; css=&#8221;.vc_custom_1764762508337{margin-bottom: 0px !important;}&#8221; add_icon=&#8221;true&#8221; el_class=&#8221;basic-button-blue&#8221; link=&#8221;url:mailto%3Ajennifer.arslan%40ab-alpha.de|title:jennifer.arslan%40ab-alpha.de|&#8221;][\/vc_column][vc_column width=&#8221;2\/3&#8243;][vc_column_text css=&#8221;.vc_custom_1761561224472{padding-top: 35px !important;}&#8221;]<\/p>\n<h1 style=\"text-align: left;\"><span data-teams=\"true\">Jennifer Arslan<\/span><\/h1>\n<p style=\"text-align: left;\"><strong><span data-teams=\"true\">Teamassistentin Investment Management<\/span><\/strong><\/p>\n<p>[\/vc_column_text][vc_column_text css=&#8221;&#8221;]<\/p>\n<p data-start=\"232\" data-end=\"677\">Jennifer Arslan ist gelernte Kauffrau f\u00fcr B\u00fcromanagement und bringt mehr als zehn Jahre Erfahrung in Organisation und Office Management mit. Bevor sie zu Abacus alpha kam, war sie als Office Managerin bei einer Steuerberatungsgesellschaft t\u00e4tig. Mit ihrem ausgepr\u00e4gten Sinn f\u00fcr Struktur und Prozessmanagement unterst\u00fctzt sie das Investmentmanagement-Team und ist zentrale Ansprechpartnerin f\u00fcr alle eingehenden Anfragen zu neuen Beteiligungen.<\/p>\n<p data-start=\"679\" data-end=\"996\">Vor f\u00fcnf Jahren zog sie der Liebe wegen nach Frankenthal. In ihrer Freizeit verbringt sie gerne Zeit mit Familie und Freunden, reist \u2013 und hat fast immer ein Buch in der Hand. Ein Leitsatz, der sie dabei begleitet: \u201eWissen w\u00e4chst, wenn Neugier zur Praxis wird \u2013 und am Ende z\u00e4hlt der Mensch hinter jeder Aufgabe.\u201c<\/p>\n<p>[\/vc_column_text][\/vc_column][\/vc_row]<\/p>\n<\/div>","protected":false},"excerpt":{"rendered":"<p>[vc_row full_width=&#8221;stretch_row&#8221; content_placement=&#8221;top&#8221; css=&#8221;.vc_custom_1725549264244{margin-top: -30px !important;margin-right: 2% !important;margin-bottom: -30px !important;margin-left: 2% !important;padding-top: 5% !important;padding-bottom: 5% !important;background-color: #f4f8fd !important;}&#8221; el_id=&#8221;content&#8221;][vc_column width=&#8221;1\/3&#8243;][vc_single_image image=&#8221;2894&#8243; img_size=&#8221;full&#8221; css=&#8221;.vc_custom_1764762471750{margin-bottom: 0px !important;padding-top: 35px<span class=\"excerpt-hellip\"> [\u2026]<\/span><\/p>\n","protected":false},"author":5,"featured_media":2907,"parent":1715,"menu_order":0,"comment_status":"closed","ping_status":"closed","template":"","meta":{"footnotes":""},"class_list":["post-2901","page","type-page","status-publish","has-post-thumbnail","hentry"],"yoast_head":"<!-- This site is optimized with the Yoast SEO plugin v27.3 - https:\/\/yoast.com\/product\/yoast-seo-wordpress\/ -->\n<title>Dr. Bertold Biffar - Abacus alpha<\/title>\n<meta name=\"description\" content=\"Dr. Bertold Biffar, Investment Manager at Abacus alpha, brings experience in mechanical engineering, automotive, and investment management.\" \/>\n<meta name=\"robots\" content=\"index, follow, max-snippet:-1, max-image-preview:large, max-video-preview:-1\" \/>\n<link rel=\"canonical\" href=\"https:\/\/www.ab-alpha.de\/en\/our-team\/dr-bertold-biffar-5\/\" \/>\n<meta property=\"og:locale\" content=\"en_US\" \/>\n<meta property=\"og:type\" content=\"article\" \/>\n<meta property=\"og:title\" content=\"Dr. Bertold Biffar - Abacus alpha\" \/>\n<meta property=\"og:description\" content=\"Dr. Bertold Biffar, Investment Manager at Abacus alpha, brings experience in mechanical engineering, automotive, and investment management.\" \/>\n<meta property=\"og:url\" content=\"https:\/\/www.ab-alpha.de\/en\/our-team\/dr-bertold-biffar-5\/\" \/>\n<meta property=\"og:site_name\" content=\"Abacus alpha\" \/>\n<meta property=\"og:image\" content=\"https:\/\/www.ab-alpha.de\/wp-content\/uploads\/2025\/12\/abacus-alpha-volker-germann-scaled.jpg\" \/>\n\t<meta property=\"og:image:width\" content=\"2560\" \/>\n\t<meta property=\"og:image:height\" content=\"2560\" \/>\n\t<meta property=\"og:image:type\" content=\"image\/jpeg\" \/>\n<meta name=\"twitter:card\" content=\"summary_large_image\" \/>\n<meta name=\"twitter:label1\" content=\"Est. reading time\" \/>\n\t<meta name=\"twitter:data1\" content=\"2 minutes\" \/>\n<script type=\"application\/ld+json\" class=\"yoast-schema-graph\">{\"@context\":\"https:\\\/\\\/schema.org\",\"@graph\":[{\"@type\":\"WebPage\",\"@id\":\"https:\\\/\\\/www.ab-alpha.de\\\/en\\\/our-team\\\/dr-bertold-biffar-5\\\/\",\"url\":\"https:\\\/\\\/www.ab-alpha.de\\\/en\\\/our-team\\\/dr-bertold-biffar-5\\\/\",\"name\":\"Dr. Bertold Biffar - Abacus alpha\",\"isPartOf\":{\"@id\":\"https:\\\/\\\/www.ab-alpha.de\\\/#website\"},\"primaryImageOfPage\":{\"@id\":\"https:\\\/\\\/www.ab-alpha.de\\\/en\\\/our-team\\\/dr-bertold-biffar-5\\\/#primaryimage\"},\"image\":{\"@id\":\"https:\\\/\\\/www.ab-alpha.de\\\/en\\\/our-team\\\/dr-bertold-biffar-5\\\/#primaryimage\"},\"thumbnailUrl\":\"https:\\\/\\\/www.ab-alpha.de\\\/wp-content\\\/uploads\\\/2025\\\/12\\\/abacus-alpha-volker-germann-scaled.jpg\",\"datePublished\":\"2025-12-03T12:13:58+00:00\",\"description\":\"Dr. Bertold Biffar, Investment Manager at Abacus alpha, brings experience in mechanical engineering, automotive, and investment management.\",\"breadcrumb\":{\"@id\":\"https:\\\/\\\/www.ab-alpha.de\\\/en\\\/our-team\\\/dr-bertold-biffar-5\\\/#breadcrumb\"},\"inLanguage\":\"en-US\",\"potentialAction\":[{\"@type\":\"ReadAction\",\"target\":[\"https:\\\/\\\/www.ab-alpha.de\\\/en\\\/our-team\\\/dr-bertold-biffar-5\\\/\"]}]},{\"@type\":\"ImageObject\",\"inLanguage\":\"en-US\",\"@id\":\"https:\\\/\\\/www.ab-alpha.de\\\/en\\\/our-team\\\/dr-bertold-biffar-5\\\/#primaryimage\",\"url\":\"https:\\\/\\\/www.ab-alpha.de\\\/wp-content\\\/uploads\\\/2025\\\/12\\\/abacus-alpha-volker-germann-scaled.jpg\",\"contentUrl\":\"https:\\\/\\\/www.ab-alpha.de\\\/wp-content\\\/uploads\\\/2025\\\/12\\\/abacus-alpha-volker-germann-scaled.jpg\",\"width\":2560,\"height\":2560,\"caption\":\"Ein Foto des Mitarbeiters Volker Germann von Abacus alpha.\"},{\"@type\":\"BreadcrumbList\",\"@id\":\"https:\\\/\\\/www.ab-alpha.de\\\/en\\\/our-team\\\/dr-bertold-biffar-5\\\/#breadcrumb\",\"itemListElement\":[{\"@type\":\"ListItem\",\"position\":1,\"name\":\"Startseite\",\"item\":\"https:\\\/\\\/www.ab-alpha.de\\\/en\\\/\"},{\"@type\":\"ListItem\",\"position\":2,\"name\":\"Our team\",\"item\":\"https:\\\/\\\/www.ab-alpha.de\\\/en\\\/our-team\\\/\"},{\"@type\":\"ListItem\",\"position\":3,\"name\":\"Dr. Bertold Biffar\"}]},{\"@type\":\"WebSite\",\"@id\":\"https:\\\/\\\/www.ab-alpha.de\\\/#website\",\"url\":\"https:\\\/\\\/www.ab-alpha.de\\\/\",\"name\":\"Abacus alpha\",\"description\":\"Die Beteiligungs&shy;gesellschaft\",\"publisher\":{\"@id\":\"https:\\\/\\\/www.ab-alpha.de\\\/#organization\"},\"potentialAction\":[{\"@type\":\"SearchAction\",\"target\":{\"@type\":\"EntryPoint\",\"urlTemplate\":\"https:\\\/\\\/www.ab-alpha.de\\\/?s={search_term_string}\"},\"query-input\":{\"@type\":\"PropertyValueSpecification\",\"valueRequired\":true,\"valueName\":\"search_term_string\"}}],\"inLanguage\":\"en-US\"},{\"@type\":\"Organization\",\"@id\":\"https:\\\/\\\/www.ab-alpha.de\\\/#organization\",\"name\":\"Abacus alpha\",\"url\":\"https:\\\/\\\/www.ab-alpha.de\\\/\",\"logo\":{\"@type\":\"ImageObject\",\"inLanguage\":\"en-US\",\"@id\":\"https:\\\/\\\/www.ab-alpha.de\\\/#\\\/schema\\\/logo\\\/image\\\/\",\"url\":\"https:\\\/\\\/www.ab-alpha.de\\\/wp-content\\\/uploads\\\/2024\\\/09\\\/abacus-alpha-impact-investor-nachfolge-logo.webp\",\"contentUrl\":\"https:\\\/\\\/www.ab-alpha.de\\\/wp-content\\\/uploads\\\/2024\\\/09\\\/abacus-alpha-impact-investor-nachfolge-logo.webp\",\"width\":2560,\"height\":1440,\"caption\":\"Abacus alpha\"},\"image\":{\"@id\":\"https:\\\/\\\/www.ab-alpha.de\\\/#\\\/schema\\\/logo\\\/image\\\/\"}}]}<\/script>\n<!-- \/ Yoast SEO plugin. -->","yoast_head_json":{"title":"Dr. Bertold Biffar - Abacus alpha","description":"Dr. Bertold Biffar, Investment Manager at Abacus alpha, brings experience in mechanical engineering, automotive, and investment management.","robots":{"index":"index","follow":"follow","max-snippet":"max-snippet:-1","max-image-preview":"max-image-preview:large","max-video-preview":"max-video-preview:-1"},"canonical":"https:\/\/www.ab-alpha.de\/en\/our-team\/dr-bertold-biffar-5\/","og_locale":"en_US","og_type":"article","og_title":"Dr. Bertold Biffar - Abacus alpha","og_description":"Dr. Bertold Biffar, Investment Manager at Abacus alpha, brings experience in mechanical engineering, automotive, and investment management.","og_url":"https:\/\/www.ab-alpha.de\/en\/our-team\/dr-bertold-biffar-5\/","og_site_name":"Abacus alpha","og_image":[{"width":2560,"height":2560,"url":"https:\/\/www.ab-alpha.de\/wp-content\/uploads\/2025\/12\/abacus-alpha-volker-germann-scaled.jpg","type":"image\/jpeg"}],"twitter_card":"summary_large_image","twitter_misc":{"Est. reading time":"2 minutes"},"schema":{"@context":"https:\/\/schema.org","@graph":[{"@type":"WebPage","@id":"https:\/\/www.ab-alpha.de\/en\/our-team\/dr-bertold-biffar-5\/","url":"https:\/\/www.ab-alpha.de\/en\/our-team\/dr-bertold-biffar-5\/","name":"Dr. Bertold Biffar - Abacus alpha","isPartOf":{"@id":"https:\/\/www.ab-alpha.de\/#website"},"primaryImageOfPage":{"@id":"https:\/\/www.ab-alpha.de\/en\/our-team\/dr-bertold-biffar-5\/#primaryimage"},"image":{"@id":"https:\/\/www.ab-alpha.de\/en\/our-team\/dr-bertold-biffar-5\/#primaryimage"},"thumbnailUrl":"https:\/\/www.ab-alpha.de\/wp-content\/uploads\/2025\/12\/abacus-alpha-volker-germann-scaled.jpg","datePublished":"2025-12-03T12:13:58+00:00","description":"Dr. Bertold Biffar, Investment Manager at Abacus alpha, brings experience in mechanical engineering, automotive, and investment management.","breadcrumb":{"@id":"https:\/\/www.ab-alpha.de\/en\/our-team\/dr-bertold-biffar-5\/#breadcrumb"},"inLanguage":"en-US","potentialAction":[{"@type":"ReadAction","target":["https:\/\/www.ab-alpha.de\/en\/our-team\/dr-bertold-biffar-5\/"]}]},{"@type":"ImageObject","inLanguage":"en-US","@id":"https:\/\/www.ab-alpha.de\/en\/our-team\/dr-bertold-biffar-5\/#primaryimage","url":"https:\/\/www.ab-alpha.de\/wp-content\/uploads\/2025\/12\/abacus-alpha-volker-germann-scaled.jpg","contentUrl":"https:\/\/www.ab-alpha.de\/wp-content\/uploads\/2025\/12\/abacus-alpha-volker-germann-scaled.jpg","width":2560,"height":2560,"caption":"Ein Foto des Mitarbeiters Volker Germann von Abacus alpha."},{"@type":"BreadcrumbList","@id":"https:\/\/www.ab-alpha.de\/en\/our-team\/dr-bertold-biffar-5\/#breadcrumb","itemListElement":[{"@type":"ListItem","position":1,"name":"Startseite","item":"https:\/\/www.ab-alpha.de\/en\/"},{"@type":"ListItem","position":2,"name":"Our team","item":"https:\/\/www.ab-alpha.de\/en\/our-team\/"},{"@type":"ListItem","position":3,"name":"Dr. Bertold Biffar"}]},{"@type":"WebSite","@id":"https:\/\/www.ab-alpha.de\/#website","url":"https:\/\/www.ab-alpha.de\/","name":"Abacus alpha","description":"Die Beteiligungs&shy;gesellschaft","publisher":{"@id":"https:\/\/www.ab-alpha.de\/#organization"},"potentialAction":[{"@type":"SearchAction","target":{"@type":"EntryPoint","urlTemplate":"https:\/\/www.ab-alpha.de\/?s={search_term_string}"},"query-input":{"@type":"PropertyValueSpecification","valueRequired":true,"valueName":"search_term_string"}}],"inLanguage":"en-US"},{"@type":"Organization","@id":"https:\/\/www.ab-alpha.de\/#organization","name":"Abacus alpha","url":"https:\/\/www.ab-alpha.de\/","logo":{"@type":"ImageObject","inLanguage":"en-US","@id":"https:\/\/www.ab-alpha.de\/#\/schema\/logo\/image\/","url":"https:\/\/www.ab-alpha.de\/wp-content\/uploads\/2024\/09\/abacus-alpha-impact-investor-nachfolge-logo.webp","contentUrl":"https:\/\/www.ab-alpha.de\/wp-content\/uploads\/2024\/09\/abacus-alpha-impact-investor-nachfolge-logo.webp","width":2560,"height":1440,"caption":"Abacus alpha"},"image":{"@id":"https:\/\/www.ab-alpha.de\/#\/schema\/logo\/image\/"}}]}},"_links":{"self":[{"href":"https:\/\/www.ab-alpha.de\/en\/wp-json\/wp\/v2\/pages\/2901","targetHints":{"allow":["GET"]}}],"collection":[{"href":"https:\/\/www.ab-alpha.de\/en\/wp-json\/wp\/v2\/pages"}],"about":[{"href":"https:\/\/www.ab-alpha.de\/en\/wp-json\/wp\/v2\/types\/page"}],"author":[{"embeddable":true,"href":"https:\/\/www.ab-alpha.de\/en\/wp-json\/wp\/v2\/users\/5"}],"replies":[{"embeddable":true,"href":"https:\/\/www.ab-alpha.de\/en\/wp-json\/wp\/v2\/comments?post=2901"}],"version-history":[{"count":2,"href":"https:\/\/www.ab-alpha.de\/en\/wp-json\/wp\/v2\/pages\/2901\/revisions"}],"predecessor-version":[{"id":2903,"href":"https:\/\/www.ab-alpha.de\/en\/wp-json\/wp\/v2\/pages\/2901\/revisions\/2903"}],"up":[{"embeddable":true,"href":"https:\/\/www.ab-alpha.de\/en\/wp-json\/wp\/v2\/pages\/1715"}],"wp:featuredmedia":[{"embeddable":true,"href":"https:\/\/www.ab-alpha.de\/en\/wp-json\/wp\/v2\/media\/2907"}],"wp:attachment":[{"href":"https:\/\/www.ab-alpha.de\/en\/wp-json\/wp\/v2\/media?parent=2901"}],"curies":[{"name":"wp","href":"https:\/\/api.w.org\/{rel}","templated":true}]}}