{"id":1825,"date":"2024-06-19T13:46:24","date_gmt":"2024-06-19T13:46:24","guid":{"rendered":"https:\/\/ab-alpha.go2axg.de\/career\/"},"modified":"2025-07-21T14:21:29","modified_gmt":"2025-07-21T14:21:29","slug":"career","status":"publish","type":"page","link":"https:\/\/www.ab-alpha.de\/en\/career\/","title":{"rendered":"Career"},"content":{"rendered":"<div class=\"wpb-content-wrapper\"><p>[vc_row css=&#8221;.vc_custom_1716800965759{margin-top: -30px !important;}&#8221;][vc_column]\n\t\t\t<!-- START 6.0 Karriere \/\/ Header REVOLUTION SLIDER 6.7.41 --><p class=\"rs-p-wp-fix\"><\/p>\n\t\t\t<rs-module-wrap id=\"rev_slider_17_1_wrapper\" data-source=\"gallery\" style=\"visibility:hidden;background:transparent;padding:0;margin:0px auto;margin-top:0;margin-bottom:0;\">\n\t\t\t\t<rs-module id=\"rev_slider_17_1\" style=\"\" data-version=\"6.7.41\">\n\t\t\t\t\t<rs-slides style=\"overflow: hidden; position: absolute;\">\n\t\t\t\t\t\t<rs-slide style=\"position: absolute;\" data-key=\"rs-51\" data-title=\"Slide\" data-anim=\"ms:1000ms;\" data-in=\"o:0;\" data-out=\"a:false;\">\n\t\t\t\t\t\t\t<img decoding=\"async\" src=\"\/\/www.ab-alpha.de\/wp-content\/plugins\/revslider\/sr6\/assets\/assets\/dummy.png\" alt=\"Karriere machen beim Impact Investor Abacus alpha: Eine Mitarbeiterin in wei\u00dfem Hemd steht l\u00e4chelnd im einem hell beleuchteten B\u00fcroraum.\" title=\"abacus-alpha-technologie-trends-karriere\" width=\"2560\" height=\"1440\" class=\"rev-slidebg tp-rs-img rs-lazyload\" data-lazyload=\"\/\/www.ab-alpha.de\/wp-content\/uploads\/2024\/08\/abacus-alpha-technologie-trends-karriere.webp\" data-no-retina>\n<!--\n\t\t\t\t\t\t\t--><rs-layer\n\t\t\t\t\t\t\t\tid=\"slider-17-slide-51-layer-1\" \n\t\t\t\t\t\t\t\tdata-type=\"text\"\n\t\t\t\t\t\t\t\tdata-rsp_ch=\"on\"\n\t\t\t\t\t\t\t\tdata-xy=\"x:l,l,c,c;xo:200px,165px,0,0;y:m;yo:0,0,0,-50px;\"\n\t\t\t\t\t\t\t\tdata-text=\"w:normal;s:25,20,15,9;l:32,26,19,11;\"\n\t\t\t\t\t\t\t\tdata-dim=\"w:500px,325px,600px,325px;h:auto,auto,200px,76px;\"\n\t\t\t\t\t\t\t\tdata-basealign=\"slide\"\n\t\t\t\t\t\t\t\tdata-frame_1=\"st:2000;sp:1500;sR:2000;\"\n\t\t\t\t\t\t\t\tdata-frame_999=\"o:0;e:none;st:w;sp:1500;sR:5500;\"\n\t\t\t\t\t\t\t\tstyle=\"z-index:7;font-family:'Roboto';\"\n\t\t\t\t\t\t\t><p class=\"slider-category\">Karriere<\/p><p class=\"slider-text\">Wir wachsen mit unseren Beteiligungen, wachsen Sie mit\n<\/p>\n<a href=\"#content\" class=\"button-rev\">Jetzt entdecken<\/a> \n\t\t\t\t\t\t\t<\/rs-layer><!--\n\n\t\t\t\t\t\t\t--><rs-layer\n\t\t\t\t\t\t\t\tid=\"slider-17-slide-51-layer-3\" \n\t\t\t\t\t\t\t\tdata-type=\"text\"\n\t\t\t\t\t\t\t\tdata-rsp_ch=\"on\"\n\t\t\t\t\t\t\t\tdata-xy=\"x:l,l,c,c;xo:150px,123px,0,0;y:m;\"\n\t\t\t\t\t\t\t\tdata-text=\"w:normal;s:65,53,40,24;l:81,66,50,30;fw:300;\"\n\t\t\t\t\t\t\t\tdata-dim=\"w:600px,400px,700px,400px;h:600px,400px,600px,400px;\"\n\t\t\t\t\t\t\t\tdata-basealign=\"slide\"\n\t\t\t\t\t\t\t\tdata-padding=\"t:50,45,34,21;r:50,45,34,21;b:50,45,34,21;l:50,45,34,21;\"\n\t\t\t\t\t\t\t\tdata-frame_1=\"e:none;st:2000;sp:1500;sR:2000;\"\n\t\t\t\t\t\t\t\tdata-frame_999=\"o:0;st:w;sp:1500;sR:5500;\"\n\t\t\t\t\t\t\t\tstyle=\"z-index:6;background:linear-gradient(90deg, rgba(0,47,82,1) 0%, rgba(0,76,147,1) 100%);font-family:'Roboto';\"\n\t\t\t\t\t\t\t> \n\t\t\t\t\t\t\t<\/rs-layer><!--\n-->\t\t\t\t\t<\/rs-slide>\n\t\t\t\t\t<\/rs-slides>\n\t\t\t\t<\/rs-module>\n\t\t\t\t<script>\n\t\t\t\t\tsetREVStartSize({c: 'rev_slider_17_1',rl:[1240,1024,778,480],el:[900,768,900,720],gw:[1240,1024,778,480],gh:[900,768,900,720],type:'hero',justify:'',layout:'fullwidth',mh:\"0\"});if (window.RS_MODULES!==undefined && window.RS_MODULES.modules!==undefined && window.RS_MODULES.modules[\"revslider171\"]!==undefined) {window.RS_MODULES.modules[\"revslider171\"].once = false;window.revapi17 = undefined;if (window.RS_MODULES.checkMinimal!==undefined) window.RS_MODULES.checkMinimal()}\n\t\t\t\t<\/script>\n\t\t\t<\/rs-module-wrap>\n\t\t\t<!-- END REVOLUTION SLIDER -->\n[\/vc_column][\/vc_row][vc_row full_width=&#8221;stretch_row&#8221; css=&#8221;.vc_custom_1726144812345{margin-right: 2% !important;margin-left: 2% !important;padding-top: 5% !important;padding-bottom: 5% !important;}&#8221; el_id=&#8221;content&#8221;][vc_column width=&#8221;1\/6&#8243;][\/vc_column][vc_column width=&#8221;2\/3&#8243;][vc_column_text css=&#8221;&#8221;]<\/p>\n<h1 style=\"text-align: center;\">Career: Creating value, shaping the future at Abacus alpha<\/h1>\n<p style=\"text-align: center;\">Are you looking for a combination of dynamism, flexibility and diversity, do you appreciate direct and fast decision-making processes, challenging tasks and lifelong learning &#8211; in short: an agile environment in the best sense of the word? Then welcome to the innovative SME sector, welcome to Abacus alpha! From tech start-ups and companies in the growth phase to profitable SMEs looking for new products, applications and sales markets. We offer you exciting challenges in a professional, personal and motivating environment. At Abacus alpha, we believe in shaping the future by creating value. With exciting career prospects in a dynamic and inspiring working atmosphere.<\/p>\n<p>[\/vc_column_text][\/vc_column][vc_column width=&#8221;1\/6&#8243;][\/vc_column][\/vc_row][vc_row full_width=&#8221;stretch_row&#8221; css=&#8221;.vc_custom_1725446956920{margin-right: 2% !important;margin-left: 2% !important;padding-top: 5% !important;padding-bottom: 5% !important;background-color: #f2e9e2 !important;}&#8221;][vc_column width=&#8221;1\/6&#8243;][\/vc_column][vc_column width=&#8221;2\/3&#8243;][vc_column_text css=&#8221;&#8221;]<\/p>\n<h2 style=\"text-align: center;\">Current vacancies<\/h2>\n<p class=\"\" style=\"text-align: center;\" data-start=\"167\" data-end=\"482\">We are looking for personalities who take responsibility, think for themselves and get things moving. With team spirit, creative drive and an entrepreneurial eye.<br data-start=\"353\" data-end=\"356\" \/>Discover our open positions in the joint applicant portal of Abacus alpha and our subsidiary Abacus neo.<br \/>\nOr send us an unsolicited application!<\/p>\n<p>[\/vc_column_text][vc_row_inner][vc_column_inner][vc_wp_text]<iframe loading=\"lazy\" id=\"factorial-iframe\" src=\"https:\/\/ab-alpha.factorialhr.de\/embed\/jobs\" width=\"100%\" height=\"600\" frameborder=\"0\"><\/iframe> <script>   function handleIframeMessage(event) {     if (event.origin === \"https:\/\/ab-alpha.factorialhr.de\" && event.data.type === \"resizeIframe\") {       const iframe = document.querySelector(\"#factorial-iframe\");       iframe.style.height = event.data.height + \"px\";     }   }   window.addEventListener(\"message\", handleIframeMessage); <\/script>[\/vc_wp_text][\/vc_column_inner][\/vc_row_inner][\/vc_column][vc_column width=&#8221;1\/6&#8243;][\/vc_column][\/vc_row][vc_row css=&#8221;.vc_custom_1715608460373{margin-top: 5% !important;margin-right: 2% !important;margin-bottom: -% !important;margin-left: 2% !important;}&#8221;][vc_column width=&#8221;1\/6&#8243;][\/vc_column][vc_column width=&#8221;2\/3&#8243;][vc_column_text css=&#8221;&#8221;]<\/p>\n<div class=\"group\/conversation-turn relative flex w-full min-w-0 flex-col agent-turn\">\n<div class=\"flex-col gap-1 md:gap-3\">\n<div class=\"flex max-w-full flex-col flex-grow\">\n<div class=\"min-h-[20px] text-message flex w-full flex-col items-end gap-2 whitespace-normal break-words [.text-message+&amp;]:mt-5\" dir=\"auto\" data-message-author-role=\"assistant\" data-message-id=\"76acf899-df1f-4cf7-b5d4-0717a9c1cd33\">\n<div class=\"flex w-full flex-col gap-1 empty:hidden first:pt-[3px]\">\n<div class=\"markdown prose w-full break-words dark:prose-invert light\">\n<h2 style=\"text-align: center;\">More jobs in our portfolio companies<\/h2>\n<h2 style=\"text-align: center;\">&#8211; Come and have a look!<\/h2>\n<p style=\"text-align: center;\">Are you looking for further career opportunities? Our portfolio companies are constantly creating new jobs. Take a look at the vacancies directly with our partners and discover a wide range of opportunities in fast-growing companies. Take a look now and become part of our successful network!<\/p>\n<\/div>\n<\/div>\n<\/div>\n<\/div>\n<\/div>\n<\/div>\n<p>[\/vc_column_text][\/vc_column][vc_column width=&#8221;1\/6&#8243;][\/vc_column][\/vc_row][vc_row full_width=&#8221;stretch_row_content_no_spaces&#8221; equal_height=&#8221;yes&#8221; css=&#8221;.vc_custom_1718606790193{padding-top: 5% !important;}&#8221;][vc_column][vc_basic_grid post_type=&#8221;portfolio&#8221; max_items=&#8221;1000&#8243; show_filter=&#8221;yes&#8221; element_width=&#8221;3&#8243; gap=&#8221;0&#8243; orderby=&#8221;title&#8221; order=&#8221;ASC&#8221; item=&#8221;159&#8243; css=&#8221;&#8221; grid_id=&#8221;vc_gid:1753107624541-f4a83ed5-3d59-3&#8243; filter_source=&#8221;category&#8221;][\/vc_column][\/vc_row][vc_row full_width=&#8221;stretch_row&#8221; equal_height=&#8221;yes&#8221; css=&#8221;.vc_custom_1725377636060{margin-bottom: -15px !important;padding-top: 5% !important;padding-bottom: 5% !important;background-color: #e6007e !important;}&#8221;][vc_column css=&#8221;.vc_custom_1716815379067{margin-bottom: 0px !important;}&#8221;][vc_column_text css=&#8221;&#8221;]<\/p>\n<h2 style=\"text-align: center;\"><span style=\"color: #ffffff;\">Curious?<\/span><\/h2>\n<h2 style=\"text-align: center;\"><span style=\"color: #ffffff;\">Find out more about Abacus alpha, our portfolio companies and what you can achieve with us<\/span><\/h2>\n<p>[\/vc_column_text][vc_btn title=&#8221;News &amp; Latest news&#8221; style=&#8221;outline&#8221; shape=&#8221;square&#8221; color=&#8221;white&#8221; align=&#8221;center&#8221; css=&#8221;.vc_custom_1750758095177{margin-bottom: 0px !important;}&#8221; el_class=&#8221;basic-button-white&#8221; link=&#8221;url:https%3A%2F%2Fwww.ab-alpha.de%2Fen%2Flatest-news%2F|target:_blank|&#8221;][\/vc_column][\/vc_row][vc_row][vc_column][\/vc_column][\/vc_row]<\/p>\n<\/div>","protected":false},"excerpt":{"rendered":"<p>[vc_row css=&#8221;.vc_custom_1716800965759{margin-top: -30px !important;}&#8221;][vc_column][\/vc_column][\/vc_row][vc_row full_width=&#8221;stretch_row&#8221; css=&#8221;.vc_custom_1726144812345{margin-right: 2% !important;margin-left: 2% !important;padding-top: 5% !important;padding-bottom: 5% !important;}&#8221; el_id=&#8221;content&#8221;][vc_column width=&#8221;1\/6&#8243;][\/vc_column][vc_column width=&#8221;2\/3&#8243;][vc_column_text css=&#8221;&#8221;] Career: Creating value, shaping the future at Abacus<span class=\"excerpt-hellip\"> [\u2026]<\/span><\/p>\n","protected":false},"author":1,"featured_media":0,"parent":0,"menu_order":0,"comment_status":"closed","ping_status":"closed","template":"","meta":{"footnotes":""},"class_list":["post-1825","page","type-page","status-publish","hentry"],"yoast_head":"<!-- This site is optimized with the Yoast SEO plugin v27.5 - https:\/\/yoast.com\/product\/yoast-seo-wordpress\/ -->\n<title>Career - Abacus alpha<\/title>\n<meta name=\"description\" content=\"Careers at Abacus alpha: Discover exciting job opportunities in a professional and motivating environment. Apply now!\" \/>\n<meta name=\"robots\" content=\"index, follow, max-snippet:-1, max-image-preview:large, max-video-preview:-1\" \/>\n<link rel=\"canonical\" href=\"https:\/\/www.ab-alpha.de\/en\/career\/\" \/>\n<meta property=\"og:locale\" content=\"en_US\" \/>\n<meta property=\"og:type\" content=\"article\" \/>\n<meta property=\"og:title\" content=\"Career - Abacus alpha\" \/>\n<meta property=\"og:description\" content=\"Careers at Abacus alpha: Discover exciting job opportunities in a professional and motivating environment. Apply now!\" \/>\n<meta property=\"og:url\" content=\"https:\/\/www.ab-alpha.de\/en\/career\/\" \/>\n<meta property=\"og:site_name\" content=\"Abacus alpha\" \/>\n<meta property=\"article:modified_time\" content=\"2025-07-21T14:21:29+00:00\" \/>\n<meta name=\"twitter:card\" content=\"summary_large_image\" \/>\n<meta name=\"twitter:label1\" content=\"Est. reading time\" \/>\n\t<meta name=\"twitter:data1\" content=\"2 minutes\" \/>\n<script type=\"application\/ld+json\" class=\"yoast-schema-graph\">{\"@context\":\"https:\\\/\\\/schema.org\",\"@graph\":[{\"@type\":\"WebPage\",\"@id\":\"https:\\\/\\\/www.ab-alpha.de\\\/en\\\/career\\\/\",\"url\":\"https:\\\/\\\/www.ab-alpha.de\\\/en\\\/career\\\/\",\"name\":\"Career - Abacus alpha\",\"isPartOf\":{\"@id\":\"https:\\\/\\\/www.ab-alpha.de\\\/#website\"},\"datePublished\":\"2024-06-19T13:46:24+00:00\",\"dateModified\":\"2025-07-21T14:21:29+00:00\",\"description\":\"Careers at Abacus alpha: Discover exciting job opportunities in a professional and motivating environment. Apply now!\",\"breadcrumb\":{\"@id\":\"https:\\\/\\\/www.ab-alpha.de\\\/en\\\/career\\\/#breadcrumb\"},\"inLanguage\":\"en-US\",\"potentialAction\":[{\"@type\":\"ReadAction\",\"target\":[\"https:\\\/\\\/www.ab-alpha.de\\\/en\\\/career\\\/\"]}]},{\"@type\":\"BreadcrumbList\",\"@id\":\"https:\\\/\\\/www.ab-alpha.de\\\/en\\\/career\\\/#breadcrumb\",\"itemListElement\":[{\"@type\":\"ListItem\",\"position\":1,\"name\":\"Startseite\",\"item\":\"https:\\\/\\\/www.ab-alpha.de\\\/en\\\/\"},{\"@type\":\"ListItem\",\"position\":2,\"name\":\"Career\"}]},{\"@type\":\"WebSite\",\"@id\":\"https:\\\/\\\/www.ab-alpha.de\\\/#website\",\"url\":\"https:\\\/\\\/www.ab-alpha.de\\\/\",\"name\":\"Abacus alpha\",\"description\":\"Die Beteiligungs\u00adgesellschaft\",\"publisher\":{\"@id\":\"https:\\\/\\\/www.ab-alpha.de\\\/#organization\"},\"potentialAction\":[{\"@type\":\"SearchAction\",\"target\":{\"@type\":\"EntryPoint\",\"urlTemplate\":\"https:\\\/\\\/www.ab-alpha.de\\\/?s={search_term_string}\"},\"query-input\":{\"@type\":\"PropertyValueSpecification\",\"valueRequired\":true,\"valueName\":\"search_term_string\"}}],\"inLanguage\":\"en-US\"},{\"@type\":\"Organization\",\"@id\":\"https:\\\/\\\/www.ab-alpha.de\\\/#organization\",\"name\":\"Abacus alpha\",\"url\":\"https:\\\/\\\/www.ab-alpha.de\\\/\",\"logo\":{\"@type\":\"ImageObject\",\"inLanguage\":\"en-US\",\"@id\":\"https:\\\/\\\/www.ab-alpha.de\\\/#\\\/schema\\\/logo\\\/image\\\/\",\"url\":\"https:\\\/\\\/www.ab-alpha.de\\\/wp-content\\\/uploads\\\/2024\\\/09\\\/abacus-alpha-impact-investor-nachfolge-logo.webp\",\"contentUrl\":\"https:\\\/\\\/www.ab-alpha.de\\\/wp-content\\\/uploads\\\/2024\\\/09\\\/abacus-alpha-impact-investor-nachfolge-logo.webp\",\"width\":2560,\"height\":1440,\"caption\":\"Abacus alpha\"},\"image\":{\"@id\":\"https:\\\/\\\/www.ab-alpha.de\\\/#\\\/schema\\\/logo\\\/image\\\/\"}}]}<\/script>\n<!-- \/ Yoast SEO plugin. -->","yoast_head_json":{"title":"Career - Abacus alpha","description":"Careers at Abacus alpha: Discover exciting job opportunities in a professional and motivating environment. Apply now!","robots":{"index":"index","follow":"follow","max-snippet":"max-snippet:-1","max-image-preview":"max-image-preview:large","max-video-preview":"max-video-preview:-1"},"canonical":"https:\/\/www.ab-alpha.de\/en\/career\/","og_locale":"en_US","og_type":"article","og_title":"Career - Abacus alpha","og_description":"Careers at Abacus alpha: Discover exciting job opportunities in a professional and motivating environment. Apply now!","og_url":"https:\/\/www.ab-alpha.de\/en\/career\/","og_site_name":"Abacus alpha","article_modified_time":"2025-07-21T14:21:29+00:00","twitter_card":"summary_large_image","twitter_misc":{"Est. reading time":"2 minutes"},"schema":{"@context":"https:\/\/schema.org","@graph":[{"@type":"WebPage","@id":"https:\/\/www.ab-alpha.de\/en\/career\/","url":"https:\/\/www.ab-alpha.de\/en\/career\/","name":"Career - Abacus alpha","isPartOf":{"@id":"https:\/\/www.ab-alpha.de\/#website"},"datePublished":"2024-06-19T13:46:24+00:00","dateModified":"2025-07-21T14:21:29+00:00","description":"Careers at Abacus alpha: Discover exciting job opportunities in a professional and motivating environment. Apply now!","breadcrumb":{"@id":"https:\/\/www.ab-alpha.de\/en\/career\/#breadcrumb"},"inLanguage":"en-US","potentialAction":[{"@type":"ReadAction","target":["https:\/\/www.ab-alpha.de\/en\/career\/"]}]},{"@type":"BreadcrumbList","@id":"https:\/\/www.ab-alpha.de\/en\/career\/#breadcrumb","itemListElement":[{"@type":"ListItem","position":1,"name":"Startseite","item":"https:\/\/www.ab-alpha.de\/en\/"},{"@type":"ListItem","position":2,"name":"Career"}]},{"@type":"WebSite","@id":"https:\/\/www.ab-alpha.de\/#website","url":"https:\/\/www.ab-alpha.de\/","name":"Abacus alpha","description":"Die Beteiligungs\u00adgesellschaft","publisher":{"@id":"https:\/\/www.ab-alpha.de\/#organization"},"potentialAction":[{"@type":"SearchAction","target":{"@type":"EntryPoint","urlTemplate":"https:\/\/www.ab-alpha.de\/?s={search_term_string}"},"query-input":{"@type":"PropertyValueSpecification","valueRequired":true,"valueName":"search_term_string"}}],"inLanguage":"en-US"},{"@type":"Organization","@id":"https:\/\/www.ab-alpha.de\/#organization","name":"Abacus alpha","url":"https:\/\/www.ab-alpha.de\/","logo":{"@type":"ImageObject","inLanguage":"en-US","@id":"https:\/\/www.ab-alpha.de\/#\/schema\/logo\/image\/","url":"https:\/\/www.ab-alpha.de\/wp-content\/uploads\/2024\/09\/abacus-alpha-impact-investor-nachfolge-logo.webp","contentUrl":"https:\/\/www.ab-alpha.de\/wp-content\/uploads\/2024\/09\/abacus-alpha-impact-investor-nachfolge-logo.webp","width":2560,"height":1440,"caption":"Abacus alpha"},"image":{"@id":"https:\/\/www.ab-alpha.de\/#\/schema\/logo\/image\/"}}]}},"_links":{"self":[{"href":"https:\/\/www.ab-alpha.de\/en\/wp-json\/wp\/v2\/pages\/1825","targetHints":{"allow":["GET"]}}],"collection":[{"href":"https:\/\/www.ab-alpha.de\/en\/wp-json\/wp\/v2\/pages"}],"about":[{"href":"https:\/\/www.ab-alpha.de\/en\/wp-json\/wp\/v2\/types\/page"}],"author":[{"embeddable":true,"href":"https:\/\/www.ab-alpha.de\/en\/wp-json\/wp\/v2\/users\/1"}],"replies":[{"embeddable":true,"href":"https:\/\/www.ab-alpha.de\/en\/wp-json\/wp\/v2\/comments?post=1825"}],"version-history":[{"count":45,"href":"https:\/\/www.ab-alpha.de\/en\/wp-json\/wp\/v2\/pages\/1825\/revisions"}],"predecessor-version":[{"id":2843,"href":"https:\/\/www.ab-alpha.de\/en\/wp-json\/wp\/v2\/pages\/1825\/revisions\/2843"}],"wp:attachment":[{"href":"https:\/\/www.ab-alpha.de\/en\/wp-json\/wp\/v2\/media?parent=1825"}],"curies":[{"name":"wp","href":"https:\/\/api.w.org\/{rel}","templated":true}]}}