{"id":1798,"date":"2024-05-27T12:21:58","date_gmt":"2024-05-27T12:21:58","guid":{"rendered":"https:\/\/ab-alpha.go2axg.de\/investment-focus\/"},"modified":"2025-02-04T09:58:40","modified_gmt":"2025-02-04T09:58:40","slug":"investment-focus","status":"publish","type":"page","link":"https:\/\/www.ab-alpha.de\/en\/investment-focus\/","title":{"rendered":"Investment focus"},"content":{"rendered":"<div class=\"wpb-content-wrapper\"><p>[vc_row css=&#8221;.vc_custom_1716988388252{margin-top: -30px !important;}&#8221;][vc_column]\n\t\t\t<!-- START 2.0 Investitionsfokus \/\/ Header REVOLUTION SLIDER 6.7.41 --><p class=\"rs-p-wp-fix\"><\/p>\n\t\t\t<rs-module-wrap id=\"rev_slider_13_1_wrapper\" data-source=\"gallery\" style=\"visibility:hidden;background:transparent;padding:0;margin:0px auto;margin-top:0;margin-bottom:0;\">\n\t\t\t\t<rs-module id=\"rev_slider_13_1\" style=\"\" data-version=\"6.7.41\">\n\t\t\t\t\t<rs-slides style=\"overflow: hidden; position: absolute;\">\n\t\t\t\t\t\t<rs-slide style=\"position: absolute;\" data-key=\"rs-47\" data-title=\"Slide\" data-anim=\"ms:1000ms;\" data-in=\"o:0;\" data-out=\"a:false;\">\n\t\t\t\t\t\t\t<img decoding=\"async\" src=\"\/\/www.ab-alpha.de\/wp-content\/plugins\/revslider\/sr6\/assets\/assets\/dummy.png\" alt=\"Das Team von Abacus Alpha bei einer Besprechung in einem modernen B\u00fcro. Wachstumsfinanzierung und Investitionsm\u00f6glichkeiten stehen im Fokus, w\u00e4hrend professionelle Zusammenarbeit und strategische Planung sichtbar werden.\" title=\"abacus-alpha-investitionsfokus-wachstumsfinanzierung\" width=\"2560\" height=\"1440\" class=\"rev-slidebg tp-rs-img rs-lazyload\" data-lazyload=\"\/\/www.ab-alpha.de\/wp-content\/uploads\/2024\/10\/abacus-alpha-investitionsfokus-wachstumsfinanzierung.webp\" data-no-retina>\n<!--\n\t\t\t\t\t\t\t--><rs-layer\n\t\t\t\t\t\t\t\tid=\"slider-13-slide-47-layer-1\" \n\t\t\t\t\t\t\t\tdata-type=\"text\"\n\t\t\t\t\t\t\t\tdata-rsp_ch=\"on\"\n\t\t\t\t\t\t\t\tdata-xy=\"x:l,l,c,c;xo:200px,165px,0,0;y:m;yo:0,0,0,-50px;\"\n\t\t\t\t\t\t\t\tdata-text=\"w:normal;s:25,20,15,9;l:32,26,19,11;\"\n\t\t\t\t\t\t\t\tdata-dim=\"w:500px,325px,600px,325px;h:auto,auto,200px,76px;\"\n\t\t\t\t\t\t\t\tdata-basealign=\"slide\"\n\t\t\t\t\t\t\t\tdata-frame_1=\"st:2000;sp:1500;sR:2000;\"\n\t\t\t\t\t\t\t\tdata-frame_999=\"o:0;e:none;st:w;sp:1500;sR:5500;\"\n\t\t\t\t\t\t\t\tstyle=\"z-index:7;font-family:'Roboto';\"\n\t\t\t\t\t\t\t><p class=\"slider-category\">Investitionsfokus<\/p><p class=\"slider-text\">Unsere Beteiligung erschlie\u00dft neue Perspektiven<\/p>\n<a href=\"#content\" class=\"button-rev\">Weitere Infos<\/a> \n\t\t\t\t\t\t\t<\/rs-layer><!--\n\n\t\t\t\t\t\t\t--><rs-layer\n\t\t\t\t\t\t\t\tid=\"slider-13-slide-47-layer-3\" \n\t\t\t\t\t\t\t\tdata-type=\"text\"\n\t\t\t\t\t\t\t\tdata-rsp_ch=\"on\"\n\t\t\t\t\t\t\t\tdata-xy=\"x:l,l,c,c;xo:150px,123px,0,0;y:m;\"\n\t\t\t\t\t\t\t\tdata-text=\"w:normal;s:65,53,40,24;l:81,66,50,30;fw:300;\"\n\t\t\t\t\t\t\t\tdata-dim=\"w:600px,400px,700px,400px;h:600px,400px,600px,400px;\"\n\t\t\t\t\t\t\t\tdata-basealign=\"slide\"\n\t\t\t\t\t\t\t\tdata-padding=\"t:50,45,34,21;r:50,45,34,21;b:50,45,34,21;l:50,45,34,21;\"\n\t\t\t\t\t\t\t\tdata-frame_1=\"e:none;st:2000;sp:1500;sR:2000;\"\n\t\t\t\t\t\t\t\tdata-frame_999=\"o:0;st:w;sp:1500;sR:5500;\"\n\t\t\t\t\t\t\t\tstyle=\"z-index:6;background:linear-gradient(90deg, rgba(0,47,82,1) 0%, rgba(0,76,147,1) 100%);font-family:'Roboto';\"\n\t\t\t\t\t\t\t> \n\t\t\t\t\t\t\t<\/rs-layer><!--\n-->\t\t\t\t\t<\/rs-slide>\n\t\t\t\t\t<\/rs-slides>\n\t\t\t\t<\/rs-module>\n\t\t\t\t<script>\n\t\t\t\t\tsetREVStartSize({c: 'rev_slider_13_1',rl:[1240,1024,778,480],el:[900,768,900,720],gw:[1240,1024,778,480],gh:[900,768,900,720],type:'hero',justify:'',layout:'fullwidth',mh:\"0\"});if (window.RS_MODULES!==undefined && window.RS_MODULES.modules!==undefined && window.RS_MODULES.modules[\"revslider131\"]!==undefined) {window.RS_MODULES.modules[\"revslider131\"].once = false;window.revapi13 = undefined;if (window.RS_MODULES.checkMinimal!==undefined) window.RS_MODULES.checkMinimal()}\n\t\t\t\t<\/script>\n\t\t\t<\/rs-module-wrap>\n\t\t\t<!-- END REVOLUTION SLIDER -->\n[\/vc_column][\/vc_row][vc_row css=&#8221;.vc_custom_1716989681149{margin-top: 10% !important;margin-right: 2% !important;margin-bottom: 5% !important;margin-left: 2% !important;}&#8221; el_id=&#8221;content&#8221;][vc_column width=&#8221;1\/6&#8243;][\/vc_column][vc_column width=&#8221;2\/3&#8243;][vc_column_text css=&#8221;.vc_custom_1725633084052{margin-bottom: 10px !important;}&#8221;]<\/p>\n<h1 style=\"text-align: center;\">Investment areas<\/h1>\n<p style=\"text-align: center;\">We invest in companies that are shaping the world of tomorrow with their technologies, services or products. Through innovative strength, growth potential and future viability in selected investment areas: <\/p>\n<p>[\/vc_column_text][\/vc_column][vc_column width=&#8221;1\/6&#8243;][\/vc_column][\/vc_row][vc_row full_width=&#8221;stretch_row&#8221; equal_height=&#8221;yes&#8221; content_placement=&#8221;top&#8221; css=&#8221;.vc_custom_1738662786985{padding-top: 0% !important;padding-right: 2% !important;padding-left: 2% !important;background-color: #004c93 !important;}&#8221;][vc_column width=&#8221;1\/5&#8243;][vc_single_image image=&#8221;1038&#8243; img_size=&#8221;medium&#8221; alignment=&#8221;center&#8221; css=&#8221;&#8221;][vc_column_text css=&#8221;&#8221;]<\/p>\n<h2 style=\"text-align: center;\"><span style=\"color: #ffffff;\"><a style=\"color: #ffffff;\" href=\"#auto\"><strong>Automation<\/strong><\/a><\/span><\/h2>\n<p>[\/vc_column_text][\/vc_column][vc_column width=&#8221;1\/5&#8243;][vc_single_image image=&#8221;1361&#8243; img_size=&#8221;medium&#8221; alignment=&#8221;center&#8221; css=&#8221;&#8221;][vc_column_text css=&#8221;&#8221;]<\/p>\n<h2 style=\"text-align: center;\"><span style=\"color: #ffffff;\"><strong><a style=\"color: #ffffff;\" href=\"#tech\">Clean Tech \/ Green Tech<\/a><\/strong><\/span><\/h2>\n<p>[\/vc_column_text][\/vc_column][vc_column width=&#8221;1\/5&#8243;][vc_single_image image=&#8221;1040&#8243; img_size=&#8221;medium&#8221; alignment=&#8221;center&#8221; css=&#8221;&#8221;][vc_column_text css=&#8221;&#8221;]<\/p>\n<h2 style=\"text-align: center;\"><span style=\"color: #ffffff;\"><strong><a style=\"color: #ffffff;\" href=\"#inno\">Innovative materials<\/a><\/strong><\/span><\/h2>\n<p>[\/vc_column_text][\/vc_column][vc_column width=&#8221;1\/5&#8243;][vc_single_image image=&#8221;1041&#8243; img_size=&#8221;medium&#8221; alignment=&#8221;center&#8221; css=&#8221;&#8221;][vc_column_text css=&#8221;&#8221;]<\/p>\n<h2 style=\"text-align: center;\"><span style=\"color: #ffffff;\"><strong><a style=\"color: #ffffff;\" href=\"#dienst\">Services<\/a><\/strong><\/span><\/h2>\n<p>[\/vc_column_text][\/vc_column][vc_column width=&#8221;1\/5&#8243;][vc_single_image image=&#8221;1042&#8243; img_size=&#8221;medium&#8221; alignment=&#8221;center&#8221; css=&#8221;&#8221;][vc_column_text css=&#8221;&#8221;]<\/p>\n<h2 style=\"text-align: center;\"><span style=\"color: #ffffff;\"><strong><a style=\"color: #ffffff;\" href=\"#chancen\">Opportunities<\/a><\/strong><\/span><\/h2>\n<p>[\/vc_column_text][\/vc_column][\/vc_row][vc_row full_width=&#8221;stretch_row&#8221; equal_height=&#8221;yes&#8221; css=&#8221;.vc_custom_1738663082185{margin-bottom: -15px !important;padding-bottom: 4% !important;background-color: #004c93 !important;}&#8221;][vc_column css=&#8221;.vc_custom_1716815379067{margin-bottom: 0px !important;}&#8221;][vc_btn title=&#8221;More about our investment areas&#8221; style=&#8221;outline&#8221; shape=&#8221;square&#8221; color=&#8221;white&#8221; align=&#8221;center&#8221; css=&#8221;.vc_custom_1738663029514{margin-bottom: 0px !important;}&#8221; el_class=&#8221;basic-button-white&#8221; link=&#8221;url:https%3A%2F%2Fwww.ab-alpha.de%2Fen%2Finvestment-areas%2F|title:Investment%20areas|target:_blank|&#8221;][\/vc_column][\/vc_row][vc_row css=&#8221;.vc_custom_1738662959035{margin-top: 5% !important;margin-right: 2% !important;margin-bottom: 5% !important;margin-left: 2% !important;}&#8221;][vc_column width=&#8221;1\/6&#8243;][\/vc_column][vc_column width=&#8221;2\/3&#8243;][vc_column_text css=&#8221;&#8221;]<\/p>\n<h2 style=\"text-align: center;\">Overview of investment reasons<\/h2>\n<p style=\"text-align: center;\">Abacus alpha is primarily looking for technology companies from the SME sector that focus on growth technologies. Young companies should have a market-ready product and generate initial sales. In exceptional cases, we also get involved in early development phases.  <\/p>\n<p style=\"text-align: center;\">Established companies should generate significant sales and ideally have a positive cash flow. A good market position or the ability to achieve this is a prerequisite. Restructuring and insolvency cases are only conceivable in exceptional cases.  <\/p>\n<p style=\"text-align: center;\">Abacus alpha enters into both majority and minority investments. We are open to cooperation with renowned M&amp;A consultancies, corporate finance institutions or banks and savings banks that wish to broker investments. <\/p>\n<p>[\/vc_column_text][vc_tta_accordion title_tag=&#8221;h4&#8243; section_title_tag=&#8221;h3&#8243; style=&#8221;modern&#8221; shape=&#8221;square&#8221; color=&#8221;white&#8221; active_section=&#8221;-1&#8243; css=&#8221;.vc_custom_1732191950290{padding-top: 5% !important;}&#8221;][vc_tta_section title=&#8221;Succession&#8221; tab_id=&#8221;erster-abschnitteb01-4010&#8243;][vc_column_text css=&#8221;&#8221;]Many medium-sized companies or family offices are owner-managed. If succession within the family is not possible, the question of the company&#8217;s future arises. In such cases, Abacus alpha assumes the role of a strong partner as an investment company in order to preserve jobs, corporate culture and customer relationships. We respect the historical development and individuality of the company and enable the continuation of a life&#8217;s work in long-term and stable structures. <strong>Find out more about <a href=\"https:\/\/www.ab-alpha.de\/en\/generational-change-company-succession-in-family-businesses\/\">company succession with Abacus alpha<\/a> here.<\/strong>[\/vc_column_text][\/vc_tta_section][vc_tta_section title=&#8221;MBO &amp; MBI&#8221; tab_id=&#8221;1732188576259-9591bdfc-27c0&#8243;][vc_column_text css=&#8221;&#8221;]Management buy-in (MBI) and management buy-out (MBO) are among the most proven approaches for successfully managing company succession or strategic realignment in the SME sector. Abacus alpha supports entrepreneurs and leaders on this path &#8211; with capital, in-depth expertise and strategic advice as an experienced impact investor. <strong>Find out here how we can support you with your <a href=\"https:\/\/www.ab-alpha.de\/en\/management-buy-in-mbi-management-buy-out-mbo-for-smes\/\">MBI or MBO<\/a>!<\/strong>[\/vc_column_text][\/vc_tta_section][vc_tta_section title=&#8221;Growth&#8221; tab_id=&#8221;zweiter-abschnitteb01-4010&#8243;][vc_column_text css=&#8221;&#8221;]Expansion promises additional sales and rising profits in the long term. In the short term, however, the expansion of business activities initially involves expenditure. Promising companies can obtain the necessary capital from Abacus alpha: as growth financing in return for an investment.  <\/p>\n<p>In addition to our capital strength, we also contribute other valuable assets: know-how in setting up professional structures, analytical skills, management experience and a strong cooperation network in the form of an entrepreneurial community that creates synergies.[\/vc_column_text][\/vc_tta_section][vc_tta_section title=&#8221;Internationalization&#8221; tab_id=&#8221;dritter-abschnitteb01-4010&#8243;][vc_column_text css=&#8221;&#8221;]The leap into geographically new markets requires courage, capital and experience in dealing with local structures. The courage must always come from the company itself. Abacus alpha can provide support with capital and often also with a great deal of valuable experience from the entrepreneurial community. In this way, our portfolio companies benefit in several ways and can successfully expand their business internationally.[\/vc_column_text][\/vc_tta_section][vc_tta_section title=&#8221;Startup \/ Company Building&#8221; tab_id=&#8221;vierter-abschnitteb01-4010&#8243;][vc_column_text css=&#8221;&#8221;]With the spin-off of the company builder <a href=\"http:\/\/www.abacus-neo.de\" target=\"_blank\" rel=\"noopener\">Abacus neo<\/a>, we are underlining our ambition to develop ideas in the early stages into successful long-term companies.[\/vc_column_text][\/vc_tta_section][\/vc_tta_accordion][\/vc_column][vc_column width=&#8221;1\/6&#8243;][\/vc_column][\/vc_row][vc_row full_width=&#8221;stretch_row&#8221; equal_height=&#8221;yes&#8221; content_placement=&#8221;middle&#8221; css=&#8221;.vc_custom_1716539640695{background-color: #f4f8fd !important;}&#8221;][vc_column width=&#8221;1\/2&#8243;][vc_single_image image=&#8221;1408&#8243; img_size=&#8221;full&#8221; css=&#8221;&#8221;][\/vc_column][vc_column width=&#8221;1\/2&#8243;][vc_column_text css=&#8221;.vc_custom_1725437039970{border-right-width: 1px !important;border-bottom-width: 1px !important;padding-right: 5% !important;padding-bottom: 5% !important;border-right-style: solid !important;border-bottom-style: solid !important;border-color: #002f52 !important;}&#8221; el_class=&#8221;zitat&#8221;]&#8221;At Abacus alpha, we make targeted investments in established companies that are shaping the future with innovative technologies. Our investments focus on companies with strong market potential and forward-looking approaches that ensure sustainable growth and competitive advantages. We focus on partnerships that create real added value through technological excellence.&#8221;[\/vc_column_text][vc_column_text css=&#8221;&#8221;]<strong>Dr. Heiko Jopp<\/strong><br \/>\nChief Technology Officer, Abacus alpha[\/vc_column_text][\/vc_column][\/vc_row][vc_row full_width=&#8221;stretch_row&#8221; equal_height=&#8221;yes&#8221; css=&#8221;.vc_custom_1725377575475{margin-bottom: -15px !important;padding-top: 5% !important;padding-bottom: 5% !important;background-color: #e6007e !important;}&#8221;][vc_column css=&#8221;.vc_custom_1716815379067{margin-bottom: 0px !important;}&#8221;][vc_column_text css=&#8221;&#8221;]<\/p>\n<h2 style=\"text-align: center;\"><span style=\"color: #ffffff;\">Find out more about our portfolio:<\/span><\/h2>\n<p>[\/vc_column_text][vc_btn title=&#8221;This way&#8221; style=&#8221;outline&#8221; shape=&#8221;square&#8221; color=&#8221;white&#8221; align=&#8221;center&#8221; css=&#8221;.vc_custom_1727876290825{margin-bottom: 0px !important;}&#8221; el_class=&#8221;basic-button-white&#8221; link=&#8221;url:https%3A%2F%2Fwww.ab-alpha.de%2Fen%2Fportfolio%2F|title:Portfolio|target:_blank|&#8221;][\/vc_column][\/vc_row]<\/p>\n<\/div>","protected":false},"excerpt":{"rendered":"<p>[vc_row css=&#8221;.vc_custom_1716988388252{margin-top: -30px !important;}&#8221;][vc_column][\/vc_column][\/vc_row][vc_row css=&#8221;.vc_custom_1716989681149{margin-top: 10% !important;margin-right: 2% !important;margin-bottom: 5% !important;margin-left: 2% !important;}&#8221; el_id=&#8221;content&#8221;][vc_column width=&#8221;1\/6&#8243;][\/vc_column][vc_column width=&#8221;2\/3&#8243;][vc_column_text css=&#8221;.vc_custom_1725633084052{margin-bottom: 10px !important;}&#8221;] Investment areas We invest in companies that<span class=\"excerpt-hellip\"> [\u2026]<\/span><\/p>\n","protected":false},"author":1,"featured_media":0,"parent":0,"menu_order":0,"comment_status":"closed","ping_status":"closed","template":"","meta":{"footnotes":""},"class_list":["post-1798","page","type-page","status-publish","hentry"],"yoast_head":"<!-- This site is optimized with the Yoast SEO plugin v27.5 - https:\/\/yoast.com\/product\/yoast-seo-wordpress\/ -->\n<title>Investment focus - Abacus alpha<\/title>\n<meta name=\"description\" content=\"Abacus alpha focuses on growth and innovation financing in the areas of clean technologies and technological innovations\" \/>\n<meta name=\"robots\" content=\"index, follow, max-snippet:-1, max-image-preview:large, max-video-preview:-1\" \/>\n<link rel=\"canonical\" href=\"https:\/\/www.ab-alpha.de\/en\/investment-focus\/\" \/>\n<meta property=\"og:locale\" content=\"en_US\" \/>\n<meta property=\"og:type\" content=\"article\" \/>\n<meta property=\"og:title\" content=\"Investment focus - Abacus alpha\" \/>\n<meta property=\"og:description\" content=\"Abacus alpha focuses on growth and innovation financing in the areas of clean technologies and technological innovations\" \/>\n<meta property=\"og:url\" content=\"https:\/\/www.ab-alpha.de\/en\/investment-focus\/\" \/>\n<meta property=\"og:site_name\" content=\"Abacus alpha\" \/>\n<meta property=\"article:modified_time\" content=\"2025-02-04T09:58:40+00:00\" \/>\n<meta name=\"twitter:card\" content=\"summary_large_image\" \/>\n<meta name=\"twitter:label1\" content=\"Est. reading time\" \/>\n\t<meta name=\"twitter:data1\" content=\"5 minutes\" \/>\n<script type=\"application\/ld+json\" class=\"yoast-schema-graph\">{\"@context\":\"https:\\\/\\\/schema.org\",\"@graph\":[{\"@type\":\"WebPage\",\"@id\":\"https:\\\/\\\/www.ab-alpha.de\\\/en\\\/investment-focus\\\/\",\"url\":\"https:\\\/\\\/www.ab-alpha.de\\\/en\\\/investment-focus\\\/\",\"name\":\"Investment focus - Abacus alpha\",\"isPartOf\":{\"@id\":\"https:\\\/\\\/www.ab-alpha.de\\\/#website\"},\"datePublished\":\"2024-05-27T12:21:58+00:00\",\"dateModified\":\"2025-02-04T09:58:40+00:00\",\"description\":\"Abacus alpha focuses on growth and innovation financing in the areas of clean technologies and technological innovations\",\"breadcrumb\":{\"@id\":\"https:\\\/\\\/www.ab-alpha.de\\\/en\\\/investment-focus\\\/#breadcrumb\"},\"inLanguage\":\"en-US\",\"potentialAction\":[{\"@type\":\"ReadAction\",\"target\":[\"https:\\\/\\\/www.ab-alpha.de\\\/en\\\/investment-focus\\\/\"]}]},{\"@type\":\"BreadcrumbList\",\"@id\":\"https:\\\/\\\/www.ab-alpha.de\\\/en\\\/investment-focus\\\/#breadcrumb\",\"itemListElement\":[{\"@type\":\"ListItem\",\"position\":1,\"name\":\"Startseite\",\"item\":\"https:\\\/\\\/www.ab-alpha.de\\\/en\\\/\"},{\"@type\":\"ListItem\",\"position\":2,\"name\":\"Investment focus\"}]},{\"@type\":\"WebSite\",\"@id\":\"https:\\\/\\\/www.ab-alpha.de\\\/#website\",\"url\":\"https:\\\/\\\/www.ab-alpha.de\\\/\",\"name\":\"Abacus alpha\",\"description\":\"Die Beteiligungs\u00adgesellschaft\",\"publisher\":{\"@id\":\"https:\\\/\\\/www.ab-alpha.de\\\/#organization\"},\"potentialAction\":[{\"@type\":\"SearchAction\",\"target\":{\"@type\":\"EntryPoint\",\"urlTemplate\":\"https:\\\/\\\/www.ab-alpha.de\\\/?s={search_term_string}\"},\"query-input\":{\"@type\":\"PropertyValueSpecification\",\"valueRequired\":true,\"valueName\":\"search_term_string\"}}],\"inLanguage\":\"en-US\"},{\"@type\":\"Organization\",\"@id\":\"https:\\\/\\\/www.ab-alpha.de\\\/#organization\",\"name\":\"Abacus alpha\",\"url\":\"https:\\\/\\\/www.ab-alpha.de\\\/\",\"logo\":{\"@type\":\"ImageObject\",\"inLanguage\":\"en-US\",\"@id\":\"https:\\\/\\\/www.ab-alpha.de\\\/#\\\/schema\\\/logo\\\/image\\\/\",\"url\":\"https:\\\/\\\/www.ab-alpha.de\\\/wp-content\\\/uploads\\\/2024\\\/09\\\/abacus-alpha-impact-investor-nachfolge-logo.webp\",\"contentUrl\":\"https:\\\/\\\/www.ab-alpha.de\\\/wp-content\\\/uploads\\\/2024\\\/09\\\/abacus-alpha-impact-investor-nachfolge-logo.webp\",\"width\":2560,\"height\":1440,\"caption\":\"Abacus alpha\"},\"image\":{\"@id\":\"https:\\\/\\\/www.ab-alpha.de\\\/#\\\/schema\\\/logo\\\/image\\\/\"}}]}<\/script>\n<!-- \/ Yoast SEO plugin. -->","yoast_head_json":{"title":"Investment focus - Abacus alpha","description":"Abacus alpha focuses on growth and innovation financing in the areas of clean technologies and technological innovations","robots":{"index":"index","follow":"follow","max-snippet":"max-snippet:-1","max-image-preview":"max-image-preview:large","max-video-preview":"max-video-preview:-1"},"canonical":"https:\/\/www.ab-alpha.de\/en\/investment-focus\/","og_locale":"en_US","og_type":"article","og_title":"Investment focus - Abacus alpha","og_description":"Abacus alpha focuses on growth and innovation financing in the areas of clean technologies and technological innovations","og_url":"https:\/\/www.ab-alpha.de\/en\/investment-focus\/","og_site_name":"Abacus alpha","article_modified_time":"2025-02-04T09:58:40+00:00","twitter_card":"summary_large_image","twitter_misc":{"Est. reading time":"5 minutes"},"schema":{"@context":"https:\/\/schema.org","@graph":[{"@type":"WebPage","@id":"https:\/\/www.ab-alpha.de\/en\/investment-focus\/","url":"https:\/\/www.ab-alpha.de\/en\/investment-focus\/","name":"Investment focus - Abacus alpha","isPartOf":{"@id":"https:\/\/www.ab-alpha.de\/#website"},"datePublished":"2024-05-27T12:21:58+00:00","dateModified":"2025-02-04T09:58:40+00:00","description":"Abacus alpha focuses on growth and innovation financing in the areas of clean technologies and technological innovations","breadcrumb":{"@id":"https:\/\/www.ab-alpha.de\/en\/investment-focus\/#breadcrumb"},"inLanguage":"en-US","potentialAction":[{"@type":"ReadAction","target":["https:\/\/www.ab-alpha.de\/en\/investment-focus\/"]}]},{"@type":"BreadcrumbList","@id":"https:\/\/www.ab-alpha.de\/en\/investment-focus\/#breadcrumb","itemListElement":[{"@type":"ListItem","position":1,"name":"Startseite","item":"https:\/\/www.ab-alpha.de\/en\/"},{"@type":"ListItem","position":2,"name":"Investment focus"}]},{"@type":"WebSite","@id":"https:\/\/www.ab-alpha.de\/#website","url":"https:\/\/www.ab-alpha.de\/","name":"Abacus alpha","description":"Die Beteiligungs\u00adgesellschaft","publisher":{"@id":"https:\/\/www.ab-alpha.de\/#organization"},"potentialAction":[{"@type":"SearchAction","target":{"@type":"EntryPoint","urlTemplate":"https:\/\/www.ab-alpha.de\/?s={search_term_string}"},"query-input":{"@type":"PropertyValueSpecification","valueRequired":true,"valueName":"search_term_string"}}],"inLanguage":"en-US"},{"@type":"Organization","@id":"https:\/\/www.ab-alpha.de\/#organization","name":"Abacus alpha","url":"https:\/\/www.ab-alpha.de\/","logo":{"@type":"ImageObject","inLanguage":"en-US","@id":"https:\/\/www.ab-alpha.de\/#\/schema\/logo\/image\/","url":"https:\/\/www.ab-alpha.de\/wp-content\/uploads\/2024\/09\/abacus-alpha-impact-investor-nachfolge-logo.webp","contentUrl":"https:\/\/www.ab-alpha.de\/wp-content\/uploads\/2024\/09\/abacus-alpha-impact-investor-nachfolge-logo.webp","width":2560,"height":1440,"caption":"Abacus alpha"},"image":{"@id":"https:\/\/www.ab-alpha.de\/#\/schema\/logo\/image\/"}}]}},"_links":{"self":[{"href":"https:\/\/www.ab-alpha.de\/en\/wp-json\/wp\/v2\/pages\/1798","targetHints":{"allow":["GET"]}}],"collection":[{"href":"https:\/\/www.ab-alpha.de\/en\/wp-json\/wp\/v2\/pages"}],"about":[{"href":"https:\/\/www.ab-alpha.de\/en\/wp-json\/wp\/v2\/types\/page"}],"author":[{"embeddable":true,"href":"https:\/\/www.ab-alpha.de\/en\/wp-json\/wp\/v2\/users\/1"}],"replies":[{"embeddable":true,"href":"https:\/\/www.ab-alpha.de\/en\/wp-json\/wp\/v2\/comments?post=1798"}],"version-history":[{"count":17,"href":"https:\/\/www.ab-alpha.de\/en\/wp-json\/wp\/v2\/pages\/1798\/revisions"}],"predecessor-version":[{"id":1947,"href":"https:\/\/www.ab-alpha.de\/en\/wp-json\/wp\/v2\/pages\/1798\/revisions\/1947"}],"wp:attachment":[{"href":"https:\/\/www.ab-alpha.de\/en\/wp-json\/wp\/v2\/media?parent=1798"}],"curies":[{"name":"wp","href":"https:\/\/api.w.org\/{rel}","templated":true}]}}